{"id":1455,"date":"2016-08-05T11:11:43","date_gmt":"2016-08-05T15:11:43","guid":{"rendered":"http:\/\/www.nahuelcura.cl\/?page_id=1455"},"modified":"2016-08-05T11:16:50","modified_gmt":"2016-08-05T15:16:50","slug":"mision-y-vision","status":"publish","type":"page","link":"https:\/\/www.colegionahuelcura.cl\/?page_id=1455","title":{"rendered":"Misi\u00f3n y Visi\u00f3n"},"content":{"rendered":"<p style=\"text-align: justify;\"><strong>Misi\u00f3n<\/strong><\/p>\n<p style=\"text-align: justify;\">Consolidarnos como un colegio referente en el sistema educativo regional que es capaz de entregar un servicio de calidad, orientado a satisfacer las demandas y requerimientos futuros de un mundo en continua transformaci\u00f3n. Destacaremos como una organizaci\u00f3n eficiente, guiada por la integridad, trabajo en equipo, responsabilidad e innovaci\u00f3n, cuyo fin \u00faltimo es aportar positivamente a la sociedad; contribuyendo a la formaci\u00f3n de personas responsables, comprometidas y preparadas para liderar los desaf\u00edos del futuro en un mundo globalizado.<\/p>\n<p style=\"text-align: justify;\"><strong>Visi\u00f3n<\/strong><\/p>\n<p style=\"text-align: justify;\">Somos una instituci\u00f3n educacional particular, con una s\u00f3lida experiencia en el sistema escolar cient\u00edfico-humanista, que forma parte de la Red Social de la C\u00e1mara Chilena de la Construcci\u00f3n, la que en su visi\u00f3n de futuro ha considerado como labor prioritaria el contribuir al desarrollo integral de las personas, involucrando aspectos formativos y acad\u00e9micos.<\/p>\n<p style=\"text-align: justify;\">Nuestro prop\u00f3sito es educar personas con solidez acad\u00e9mica, val\u00f3rica y con competencias para desarrollarse de manera efectiva en un entorno en permanente cambio, asegurando que nuestros alumnos sean los principales agentes de su propio aprendizaje, en funci\u00f3n del desarrollo de sus propias capacidades y virtudes.<\/p>\n<p style=\"text-align: justify;\">Nuestra instituci\u00f3n trabaja innovando permanentemente, detectando anticipadamente las necesidades educativas requeridas para el futuro, lo cual se evidencia en la realizaci\u00f3n de programas interdisciplinarios diferenciadores los cuales contribuyen a plasmar un sello \u00fanico en nuestros alumnos.<\/p>\n<p style=\"text-align: justify;\">Trabajamos para la satisfacci\u00f3n de nuestros apoderados y alumnos; familias que desean otorgarles una mejor calidad de vida a sus hijos, convencidos de que la educaci\u00f3n de calidad y la innovaci\u00f3n aumentan las oportunidades de mejorar sus expectativas de vida. Nuestros alumnos tienen grandes objetivos, est\u00e1n abiertos a los cambios y a liderar los desaf\u00edos del futuro, comprometidos, motivados y seguros.<\/p>\n<p style=\"text-align: justify;\"><img decoding=\"async\" loading=\"lazy\" class=\"aligncenter size-full wp-image-40\" src=\"https:\/\/i0.wp.com\/www.nahuelcura.cl\/wp-content\/uploads\/2015\/12\/LogoFavicon.png?resize=512%2C512\" alt=\"LogoFavicon\" width=\"512\" height=\"512\" srcset=\"https:\/\/i0.wp.com\/www.colegionahuelcura.cl\/wp-content\/uploads\/2015\/12\/LogoFavicon.png?w=512&amp;ssl=1 512w, https:\/\/i0.wp.com\/www.colegionahuelcura.cl\/wp-content\/uploads\/2015\/12\/LogoFavicon.png?resize=150%2C150&amp;ssl=1 150w, https:\/\/i0.wp.com\/www.colegionahuelcura.cl\/wp-content\/uploads\/2015\/12\/LogoFavicon.png?resize=300%2C300&amp;ssl=1 300w\" sizes=\"(max-width: 512px) 100vw, 512px\" data-recalc-dims=\"1\" \/><\/p>\n","protected":false},"excerpt":{"rendered":"<p>Misi\u00f3n Consolidarnos como un colegio referente en el sistema educativo regional que es capaz de entregar un servicio de calidad, orientado a satisfacer las demandas y requerimientos futuros de un mundo en continua transformaci\u00f3n. Destacaremos [&hellip;]<\/p>\n","protected":false},"author":2,"featured_media":0,"parent":0,"menu_order":0,"comment_status":"closed","ping_status":"closed","template":"","meta":{"ngg_post_thumbnail":0},"jetpack_sharing_enabled":true,"jetpack_shortlink":"https:\/\/wp.me\/P73X2C-nt","_links":{"self":[{"href":"https:\/\/www.colegionahuelcura.cl\/index.php?rest_route=\/wp\/v2\/pages\/1455"}],"collection":[{"href":"https:\/\/www.colegionahuelcura.cl\/index.php?rest_route=\/wp\/v2\/pages"}],"about":[{"href":"https:\/\/www.colegionahuelcura.cl\/index.php?rest_route=\/wp\/v2\/types\/page"}],"author":[{"embeddable":true,"href":"https:\/\/www.colegionahuelcura.cl\/index.php?rest_route=\/wp\/v2\/users\/2"}],"replies":[{"embeddable":true,"href":"https:\/\/www.colegionahuelcura.cl\/index.php?rest_route=%2Fwp%2Fv2%2Fcomments&post=1455"}],"version-history":[{"count":2,"href":"https:\/\/www.colegionahuelcura.cl\/index.php?rest_route=\/wp\/v2\/pages\/1455\/revisions"}],"predecessor-version":[{"id":1463,"href":"https:\/\/www.colegionahuelcura.cl\/index.php?rest_route=\/wp\/v2\/pages\/1455\/revisions\/1463"}],"wp:attachment":[{"href":"https:\/\/www.colegionahuelcura.cl\/index.php?rest_route=%2Fwp%2Fv2%2Fmedia&parent=1455"}],"curies":[{"name":"wp","href":"https:\/\/api.w.org\/{rel}","templated":true}]}}