{"id":1457,"date":"2016-08-05T11:13:49","date_gmt":"2016-08-05T15:13:49","guid":{"rendered":"http:\/\/www.nahuelcura.cl\/?page_id=1457"},"modified":"2016-08-05T15:14:47","modified_gmt":"2016-08-05T19:14:47","slug":"nuestro-respaldo","status":"publish","type":"page","link":"https:\/\/www.colegionahuelcura.cl\/?page_id=1457","title":{"rendered":"Nuestro Respaldo"},"content":{"rendered":"<p style=\"text-align: justify;\">El Colegio Nahuelcura de Machal\u00ed, es un establecimiento educacional particular subvencionado, fundado en el a\u00f1o 2010, ligado a la Red Social de la C\u00e1mara Chilena de la Construcci\u00f3n, a trav\u00e9s de la Administraci\u00f3n de COREDUC, Corporaci\u00f3n de Educaci\u00f3n de la Construcci\u00f3n.<\/p>\n<p style=\"text-align: justify;\">El Colegio Nahuelcura de Machal\u00ed utiliza eficientes metodolog\u00edas y propicia un clima adecuado para el estudio y el desarrollo integral del estudiante, brindando una educaci\u00f3n de excelencia a m\u00e1s del millar de sus educandos.<\/p>\n<p style=\"text-align: justify;\">El equipo Directivo, Docente y Administrativo, se caracteriza por una s\u00f3lida visi\u00f3n de la educaci\u00f3n y un fuerte sentido espiritual de la vida, buscando siempre la excelencia en cada una de las tareas que realizan y proyectos que emprenden.<\/p>\n<p style=\"text-align: justify;\">\n","protected":false},"excerpt":{"rendered":"<p>El Colegio Nahuelcura de Machal\u00ed, es un establecimiento educacional particular subvencionado, fundado en el a\u00f1o 2010, ligado a la Red Social de la C\u00e1mara Chilena de la Construcci\u00f3n, a trav\u00e9s de la Administraci\u00f3n de COREDUC, [&hellip;]<\/p>\n","protected":false},"author":2,"featured_media":0,"parent":0,"menu_order":0,"comment_status":"closed","ping_status":"closed","template":"","meta":{"ngg_post_thumbnail":0},"jetpack_sharing_enabled":true,"jetpack_shortlink":"https:\/\/wp.me\/P73X2C-nv","_links":{"self":[{"href":"https:\/\/www.colegionahuelcura.cl\/index.php?rest_route=\/wp\/v2\/pages\/1457"}],"collection":[{"href":"https:\/\/www.colegionahuelcura.cl\/index.php?rest_route=\/wp\/v2\/pages"}],"about":[{"href":"https:\/\/www.colegionahuelcura.cl\/index.php?rest_route=\/wp\/v2\/types\/page"}],"author":[{"embeddable":true,"href":"https:\/\/www.colegionahuelcura.cl\/index.php?rest_route=\/wp\/v2\/users\/2"}],"replies":[{"embeddable":true,"href":"https:\/\/www.colegionahuelcura.cl\/index.php?rest_route=%2Fwp%2Fv2%2Fcomments&post=1457"}],"version-history":[{"count":4,"href":"https:\/\/www.colegionahuelcura.cl\/index.php?rest_route=\/wp\/v2\/pages\/1457\/revisions"}],"predecessor-version":[{"id":1521,"href":"https:\/\/www.colegionahuelcura.cl\/index.php?rest_route=\/wp\/v2\/pages\/1457\/revisions\/1521"}],"wp:attachment":[{"href":"https:\/\/www.colegionahuelcura.cl\/index.php?rest_route=%2Fwp%2Fv2%2Fmedia&parent=1457"}],"curies":[{"name":"wp","href":"https:\/\/api.w.org\/{rel}","templated":true}]}}