{"id":2284,"date":"2016-09-09T15:14:43","date_gmt":"2016-09-09T19:14:43","guid":{"rendered":"http:\/\/www.nahuelcura.cl\/?page_id=2284"},"modified":"2026-03-23T20:53:58","modified_gmt":"2026-03-24T00:53:58","slug":"notasnet","status":"publish","type":"page","link":"https:\/\/www.colegionahuelcura.cl\/?page_id=2284","title":{"rendered":"Fullcollege"},"content":{"rendered":"<p class=\"isSelectedEnd\">Estimados miembros de la comunidad educativa del Colegio Nahuelcura:<\/p>\n<p class=\"isSelectedEnd\">Junto con saludar cordialmente, informamos que actualmente nos encontramos en un proceso de migraci\u00f3n de nuestros sistemas acad\u00e9micos, pasando desde la plataforma Notas.net a Full College. Este cambio tiene como objetivo mejorar la gesti\u00f3n de la informaci\u00f3n y optimizar la experiencia de uso para toda nuestra comunidad escolar.<\/p>\n<p class=\"isSelectedEnd\">Durante las pr\u00f3ximas semanas, estaremos realizando los ajustes necesarios para asegurar una correcta implementaci\u00f3n. Asimismo, prontamente nos pondremos en contacto con los apoderados para entregar informaci\u00f3n detallada sobre el acceso y uso de la nueva plataforma.<\/p>\n<p class=\"isSelectedEnd\">Agradecemos su comprensi\u00f3n y colaboraci\u00f3n durante este proceso de transici\u00f3n.<\/p>\n<p>Atentamente,<br \/>\nDepartamento de Inform\u00e1tica<br \/>\nColegio Nahuelcura<\/p>\n<p><img decoding=\"async\" loading=\"lazy\" class=\"alignnone size-full wp-image-8574\" src=\"https:\/\/i0.wp.com\/www.colegionahuelcura.cl\/wp-content\/uploads\/2026\/03\/migracion_fullcollage.jpg?resize=630%2C605&#038;ssl=1\" alt=\"\" width=\"630\" height=\"605\" srcset=\"https:\/\/i0.wp.com\/www.colegionahuelcura.cl\/wp-content\/uploads\/2026\/03\/migracion_fullcollage.jpg?w=979&amp;ssl=1 979w, https:\/\/i0.wp.com\/www.colegionahuelcura.cl\/wp-content\/uploads\/2026\/03\/migracion_fullcollage.jpg?resize=300%2C288&amp;ssl=1 300w\" sizes=\"(max-width: 630px) 100vw, 630px\" data-recalc-dims=\"1\" \/><\/p>\n<p>&nbsp;<\/p>\n<p>&nbsp;<\/p>\n","protected":false},"excerpt":{"rendered":"<p>Estimados miembros de la comunidad educativa del Colegio Nahuelcura: Junto con saludar cordialmente, informamos que actualmente nos encontramos en un proceso de migraci\u00f3n de nuestros sistemas acad\u00e9micos, pasando desde la plataforma Notas.net a Full College. [&hellip;]<\/p>\n","protected":false},"author":2,"featured_media":0,"parent":0,"menu_order":0,"comment_status":"closed","ping_status":"closed","template":"","meta":{"ngg_post_thumbnail":0},"jetpack_sharing_enabled":true,"jetpack_shortlink":"https:\/\/wp.me\/P73X2C-AQ","_links":{"self":[{"href":"https:\/\/www.colegionahuelcura.cl\/index.php?rest_route=\/wp\/v2\/pages\/2284"}],"collection":[{"href":"https:\/\/www.colegionahuelcura.cl\/index.php?rest_route=\/wp\/v2\/pages"}],"about":[{"href":"https:\/\/www.colegionahuelcura.cl\/index.php?rest_route=\/wp\/v2\/types\/page"}],"author":[{"embeddable":true,"href":"https:\/\/www.colegionahuelcura.cl\/index.php?rest_route=\/wp\/v2\/users\/2"}],"replies":[{"embeddable":true,"href":"https:\/\/www.colegionahuelcura.cl\/index.php?rest_route=%2Fwp%2Fv2%2Fcomments&post=2284"}],"version-history":[{"count":25,"href":"https:\/\/www.colegionahuelcura.cl\/index.php?rest_route=\/wp\/v2\/pages\/2284\/revisions"}],"predecessor-version":[{"id":8575,"href":"https:\/\/www.colegionahuelcura.cl\/index.php?rest_route=\/wp\/v2\/pages\/2284\/revisions\/8575"}],"wp:attachment":[{"href":"https:\/\/www.colegionahuelcura.cl\/index.php?rest_route=%2Fwp%2Fv2%2Fmedia&parent=2284"}],"curies":[{"name":"wp","href":"https:\/\/api.w.org\/{rel}","templated":true}]}}