{"id":257,"date":"2016-01-06T17:11:53","date_gmt":"2016-01-06T20:11:53","guid":{"rendered":"http:\/\/186.103.199.252\/?page_id=257"},"modified":"2025-08-04T14:58:11","modified_gmt":"2025-08-04T18:58:11","slug":"admision","status":"publish","type":"page","link":"https:\/\/www.colegionahuelcura.cl\/?page_id=257","title":{"rendered":"Informaci\u00f3n"},"content":{"rendered":"<p style=\"text-align: justify;\">Encargada de Admisi\u00f3n: <strong>Daniela Soto Ja\u00f1a<\/strong><\/p>\n<p style=\"text-align: justify;\">La Encargada de Admisi\u00f3n del Colegio se encuentra disponible para apoyar y atender todas las dudas e inquietudes que puedan existir en relaci\u00f3n a los Procesos de Admisi\u00f3n y Renovaci\u00f3n de Matr\u00edculas.<\/p>\n<p>Para mayor informaci\u00f3n contactarse al correo electr\u00f3nico&nbsp;<a href=\"mailto:admision@colegionahuelcura.cl\">admision@colegionahuelcura.cl<\/a>&nbsp;o al fono&nbsp;<strong>443208487 \u2013 88 \u2013 89.<\/strong><\/p>\n<p><strong>ADMISI\u00d3N ESCOLAR 2026<\/strong><\/p>\n<p><a href=\"https:\/\/www.sistemadeadmisionescolar.cl\/\">https:\/\/www.sistemadeadmisionescolar.cl\/<\/a><\/p>\n<p><img decoding=\"async\" loading=\"lazy\" class=\"alignnone size-large wp-image-8086\" src=\"https:\/\/i0.wp.com\/www.colegionahuelcura.cl\/wp-content\/uploads\/2025\/07\/fechas2026.png?resize=630%2C1010&#038;ssl=1\" alt=\"\" width=\"630\" height=\"1010\" srcset=\"https:\/\/i0.wp.com\/www.colegionahuelcura.cl\/wp-content\/uploads\/2025\/07\/fechas2026.png?resize=639%2C1024&amp;ssl=1 639w, https:\/\/i0.wp.com\/www.colegionahuelcura.cl\/wp-content\/uploads\/2025\/07\/fechas2026.png?resize=187%2C300&amp;ssl=1 187w, https:\/\/i0.wp.com\/www.colegionahuelcura.cl\/wp-content\/uploads\/2025\/07\/fechas2026.png?w=802&amp;ssl=1 802w\" sizes=\"(max-width: 630px) 100vw, 630px\" data-recalc-dims=\"1\" \/><\/p>\n<p style=\"text-align: justify;\">&nbsp;<\/p>\n<p>Para mayor informaci\u00f3n contactarse al correo electr\u00f3nico <a href=\"mailto:admision@colegionahuelcura.cl\">admision@colegionahuelcura.cl<\/a> o al fono <strong>443208487 &#8211; 88 &#8211; 89.<\/strong><\/p>\n<p>&nbsp;<\/p>\n<p><strong><u>POSTULACI\u00d3N A BECAS 2026<\/u><\/strong><\/p>\n<p><strong>&nbsp;<\/strong><\/p>\n<p>Este proceso se realizar\u00e1 entre los d\u00edas 9 y 23 de Diciembre de 2025.<\/p>\n<p>Tener presente que seg\u00fan nuestro Reglamento de Becas:<\/p>\n<p>Art. 6.- Cada a\u00f1o, los apoderados interesados en obtener cualquiera de los tipos de becas consideradas en el presente Reglamento, deber\u00e1n renovar y\/o realizar su postulaci\u00f3n entregando los antecedentes actualizados dentro de los plazos establecidos. La no presentaci\u00f3n de antecedentes en los plazos y formas definidas, implicar\u00e1 la no entrega del beneficio o la p\u00e9rdida de este.<\/p>\n<p><strong>&nbsp;<\/strong><u>Consultas Becas<\/u><\/p>\n<p>Sra. Rosa Rubio Pozo<\/p>\n<p>Fonos: 443208487 \u2013 88 \u2013 89<\/p>\n<p><a href=\"http:\/\/www.rosa.rubio@colegionahuelcura.cl\">www.rosa.rubio@colegionahuelcura.cl<\/a><\/p>\n<p>&nbsp;<\/p>\n<p><strong><u>PROCESO DE RENOVACI\u00d3N DE MATR\u00cdCULAS (ALUMNOS ANTIGUOS)<\/u><\/strong><\/p>\n<p>Este proceso se realizar\u00e1 entre los d\u00edas 9 y 23 de Diciembre de 2025.<\/p>\n<p>Tener presente que seg\u00fan nuestro Contrato de Prestaciones de Servicios Educacionales, cl\u00e1usula:<\/p>\n<p><strong><u>DECIMOPRIMERO:<\/u><\/strong><strong> DE LA RENOVACI\u00d3N DE MATR\u00cdCULA. <\/strong>Para que proceda el derecho de Renovaci\u00f3n de Matr\u00edcula, seg\u00fan corresponda; <strong>es condici\u00f3n esencial que el Apoderado o Sostenedor Financiero, se encuentre totalmente al d\u00eda en sus obligaciones financieras con la <\/strong><strong>Corporaci\u00f3n <\/strong><strong>Educacional<\/strong>, es decir, <strong>no debe tener pendiente ninguna deuda por concepto de cualquiera de las obligaciones contra\u00eddas con el Colegio.<\/strong><\/p>\n","protected":false},"excerpt":{"rendered":"<p>Encargada de Admisi\u00f3n: Daniela Soto Ja\u00f1a La Encargada de Admisi\u00f3n del Colegio se encuentra disponible para apoyar y atender todas las dudas e inquietudes que puedan existir en relaci\u00f3n a los Procesos de Admisi\u00f3n y [&hellip;]<\/p>\n","protected":false},"author":2,"featured_media":256,"parent":0,"menu_order":0,"comment_status":"closed","ping_status":"closed","template":"","meta":{"ngg_post_thumbnail":0},"jetpack_sharing_enabled":true,"jetpack_shortlink":"https:\/\/wp.me\/P73X2C-49","_links":{"self":[{"href":"https:\/\/www.colegionahuelcura.cl\/index.php?rest_route=\/wp\/v2\/pages\/257"}],"collection":[{"href":"https:\/\/www.colegionahuelcura.cl\/index.php?rest_route=\/wp\/v2\/pages"}],"about":[{"href":"https:\/\/www.colegionahuelcura.cl\/index.php?rest_route=\/wp\/v2\/types\/page"}],"author":[{"embeddable":true,"href":"https:\/\/www.colegionahuelcura.cl\/index.php?rest_route=\/wp\/v2\/users\/2"}],"replies":[{"embeddable":true,"href":"https:\/\/www.colegionahuelcura.cl\/index.php?rest_route=%2Fwp%2Fv2%2Fcomments&post=257"}],"version-history":[{"count":95,"href":"https:\/\/www.colegionahuelcura.cl\/index.php?rest_route=\/wp\/v2\/pages\/257\/revisions"}],"predecessor-version":[{"id":8155,"href":"https:\/\/www.colegionahuelcura.cl\/index.php?rest_route=\/wp\/v2\/pages\/257\/revisions\/8155"}],"wp:featuredmedia":[{"embeddable":true,"href":"https:\/\/www.colegionahuelcura.cl\/index.php?rest_route=\/wp\/v2\/media\/256"}],"wp:attachment":[{"href":"https:\/\/www.colegionahuelcura.cl\/index.php?rest_route=%2Fwp%2Fv2%2Fmedia&parent=257"}],"curies":[{"name":"wp","href":"https:\/\/api.w.org\/{rel}","templated":true}]}}