{"id":281,"date":"2016-01-07T17:14:07","date_gmt":"2016-01-07T20:14:07","guid":{"rendered":"http:\/\/186.103.199.252\/?page_id=281"},"modified":"2025-08-04T15:04:50","modified_gmt":"2025-08-04T19:04:50","slug":"requisitos","status":"publish","type":"page","link":"https:\/\/www.colegionahuelcura.cl\/?page_id=281","title":{"rendered":"Renovaci\u00f3n"},"content":{"rendered":"\n<p><strong><u>PROCESO DE RENOVACI\u00d3N DE MATR\u00cdCULAS (ALUMNOS ANTIGUOS)<\/u><\/strong><\/p>\n\n\n\n<p>Este proceso se realizar\u00e1 entre los d\u00edas 9 y 23 de Diciembre de 2025.<\/p>\n\n\n\n<p>Tener presente que seg\u00fan nuestro Contrato de Prestaciones de Servicios Educacionales, cl\u00e1usula:<\/p>\n\n\n\n<p><strong><u>DECIMOPRIMERO:<\/u><\/strong><strong> DE LA RENOVACI\u00d3N DE MATR\u00cdCULA. <\/strong>Para que proceda el derecho de Renovaci\u00f3n de Matr\u00edcula, seg\u00fan corresponda; <strong>es condici\u00f3n esencial que el Apoderado o Sostenedor Financiero, se encuentre totalmente al d\u00eda en sus obligaciones financieras con la <\/strong><strong>Corporaci\u00f3n <\/strong><strong>Educacional<\/strong>, es decir, <strong>no debe tener pendiente ninguna deuda por concepto de cualquiera de las obligaciones contra\u00eddas con el Colegio.<\/strong><\/p>\n","protected":false},"excerpt":{"rendered":"<p>PROCESO DE RENOVACI\u00d3N DE MATR\u00cdCULAS (ALUMNOS ANTIGUOS) Este proceso se realizar\u00e1 entre los d\u00edas 9 y 23 de Diciembre de 2025. Tener presente que seg\u00fan nuestro Contrato de Prestaciones de Servicios Educacionales, cl\u00e1usula: DECIMOPRIMERO: DE [&hellip;]<\/p>\n","protected":false},"author":2,"featured_media":0,"parent":0,"menu_order":0,"comment_status":"closed","ping_status":"closed","template":"","meta":{"ngg_post_thumbnail":0},"jetpack_sharing_enabled":true,"jetpack_shortlink":"https:\/\/wp.me\/P73X2C-4x","_links":{"self":[{"href":"https:\/\/www.colegionahuelcura.cl\/index.php?rest_route=\/wp\/v2\/pages\/281"}],"collection":[{"href":"https:\/\/www.colegionahuelcura.cl\/index.php?rest_route=\/wp\/v2\/pages"}],"about":[{"href":"https:\/\/www.colegionahuelcura.cl\/index.php?rest_route=\/wp\/v2\/types\/page"}],"author":[{"embeddable":true,"href":"https:\/\/www.colegionahuelcura.cl\/index.php?rest_route=\/wp\/v2\/users\/2"}],"replies":[{"embeddable":true,"href":"https:\/\/www.colegionahuelcura.cl\/index.php?rest_route=%2Fwp%2Fv2%2Fcomments&post=281"}],"version-history":[{"count":58,"href":"https:\/\/www.colegionahuelcura.cl\/index.php?rest_route=\/wp\/v2\/pages\/281\/revisions"}],"predecessor-version":[{"id":8159,"href":"https:\/\/www.colegionahuelcura.cl\/index.php?rest_route=\/wp\/v2\/pages\/281\/revisions\/8159"}],"wp:attachment":[{"href":"https:\/\/www.colegionahuelcura.cl\/index.php?rest_route=%2Fwp%2Fv2%2Fmedia&parent=281"}],"curies":[{"name":"wp","href":"https:\/\/api.w.org\/{rel}","templated":true}]}}