{"id":283,"date":"2016-01-07T17:14:49","date_gmt":"2016-01-07T20:14:49","guid":{"rendered":"http:\/\/186.103.199.252\/?page_id=283"},"modified":"2025-11-13T11:04:48","modified_gmt":"2025-11-13T15:04:48","slug":"becas","status":"publish","type":"page","link":"https:\/\/www.colegionahuelcura.cl\/?page_id=283","title":{"rendered":"Becas"},"content":{"rendered":"<p>Fechas de Postulaci\u00f3n:&nbsp; 09 al 19 de Diciembre de 2025<\/p>\n<p>Horario : 09:00 a 12:30 hrs.<\/p>\n<p><u>Consultas Becas<\/u><\/p>\n<p>Encargada:&nbsp; Sra. Rosa Rubio Pozo.<\/p>\n<p>Fonos: 443208487 \u2013 88 \u2013 89<\/p>\n<p><a href=\"http:\/\/www.rosa.rubio@colegionahuelcura.cl\">rosa.rubio@colegionahuelcura.cl<\/a><\/p>\n<p>&nbsp;<\/p>\n<p>1-. A partir de 2025 y a\u00f1os siguientes, la \u00fanica forma de optar al beneficio beca, es postulando dentro de los plazos correspondientes y completando toda la documentaci\u00f3n solicitada, as\u00ed como las formas que exige el reglamento de becas.<\/p>\n<p>No podr\u00e1 optar a ning\u00fan beneficio de este tipo quien no haya realizado la postulaci\u00f3n correspondiente, en tiempo y forma.<\/p>\n<p>&nbsp;<\/p>\n<p>2-. Reglamento de Becas.<\/p>\n<p><a href=\"https:\/\/www.colegionahuelcura.cl\/wp-content\/uploads\/2025\/11\/Procedimiento-Reglamento-Becas-NHC.docx-13-NOV-2026.pdf\">Procedimiento reglamento becas NHC<\/a><\/p>\n<p>&nbsp;<\/p>\n","protected":false},"excerpt":{"rendered":"<p>Fechas de Postulaci\u00f3n:&nbsp; 09 al 19 de Diciembre de 2025 Horario : 09:00 a 12:30 hrs. Consultas Becas Encargada:&nbsp; Sra. Rosa Rubio Pozo. Fonos: 443208487 \u2013 88 \u2013 89 rosa.rubio@colegionahuelcura.cl &nbsp; 1-. A partir de [&hellip;]<\/p>\n","protected":false},"author":2,"featured_media":0,"parent":0,"menu_order":0,"comment_status":"closed","ping_status":"closed","template":"","meta":{"ngg_post_thumbnail":0},"jetpack_sharing_enabled":true,"jetpack_shortlink":"https:\/\/wp.me\/P73X2C-4z","_links":{"self":[{"href":"https:\/\/www.colegionahuelcura.cl\/index.php?rest_route=\/wp\/v2\/pages\/283"}],"collection":[{"href":"https:\/\/www.colegionahuelcura.cl\/index.php?rest_route=\/wp\/v2\/pages"}],"about":[{"href":"https:\/\/www.colegionahuelcura.cl\/index.php?rest_route=\/wp\/v2\/types\/page"}],"author":[{"embeddable":true,"href":"https:\/\/www.colegionahuelcura.cl\/index.php?rest_route=\/wp\/v2\/users\/2"}],"replies":[{"embeddable":true,"href":"https:\/\/www.colegionahuelcura.cl\/index.php?rest_route=%2Fwp%2Fv2%2Fcomments&post=283"}],"version-history":[{"count":29,"href":"https:\/\/www.colegionahuelcura.cl\/index.php?rest_route=\/wp\/v2\/pages\/283\/revisions"}],"predecessor-version":[{"id":8388,"href":"https:\/\/www.colegionahuelcura.cl\/index.php?rest_route=\/wp\/v2\/pages\/283\/revisions\/8388"}],"wp:attachment":[{"href":"https:\/\/www.colegionahuelcura.cl\/index.php?rest_route=%2Fwp%2Fv2%2Fmedia&parent=283"}],"curies":[{"name":"wp","href":"https:\/\/api.w.org\/{rel}","templated":true}]}}