{"id":3293,"date":"2017-08-10T17:30:48","date_gmt":"2017-08-10T21:30:48","guid":{"rendered":"https:\/\/www.nahuelcura.cl\/?page_id=3293"},"modified":"2017-08-10T17:37:08","modified_gmt":"2017-08-10T21:37:08","slug":"campur","status":"publish","type":"page","link":"https:\/\/www.colegionahuelcura.cl\/?page_id=3293","title":{"rendered":"Campur"},"content":{"rendered":"<p>Este es un programa que busca desarrollar en todos los estudiantes las habilidades para organizarse y poder generar proyectos de inter\u00e9s. Es relevante poner de manifiesto que con esta modalidad se ense\u00f1a a vivir la democracia y se aprende a aceptar que proyectos distintos a los propios pueden ser elegidos y lo que muy virtuoso, demanda la necesidad de apoyarlo y trabajar por su \u00e9xito, pues es un programa de curso, del cual cada uno forma parte.<\/p>\n<p>Los cursos se organizan en secretar\u00edas que tienen diferentes labores definidas previamente. Cada secretar\u00eda tiene un proyecto que ha sido elegido a partir de una votaci\u00f3n democr\u00e1tica al inicio del a\u00f1o y que debe ser desarrollado a lo largo de \u00e9ste. De esta manera, cada estudiante tiene una responsabilidad y una labor que es en parte elegida individualmente, ya que cada quien elige en qu\u00e9 secretar\u00eda desea participar, y en parte investida por el proyecto elegido por el curso para desarrollar a lo largo del a\u00f1o. Cada secretar\u00eda tiene una funci\u00f3n seg\u00fan lo identifica la letra con que inicia su nombre:<\/p>\n<p>&nbsp;&#8211; Coordinaci\u00f3n General: busca motivar el trabajo, velar por las buenas relaciones y entendimiento mutuo. Su principal funci\u00f3n es la de coordinar las distintas actividades de las secretar\u00edas.<\/p>\n<p>&nbsp;&#8211; Aprovechamiento: tiene por objetivo lograr la superaci\u00f3n permanente del nivel intelectual, cultural y rendimiento del curso, planificando actividades de estudio, reforzamiento, profundizaci\u00f3n y ampliaci\u00f3n del conocimiento y habilidades de todos los estudiantes.<\/p>\n<p>&#8211; Madurez: su meta es promover el buen trato en el curso y velar por mantener un orden y disciplina positiva para el aprendizaje y convivencia.<\/p>\n<p>&#8211; Pastoral: tiene por objetivo ocuparse del desarrollo espiritual de los estudiantes y coordinar acciones de solidaridad hacia la comunidad dentro y fuera del Colegio.<\/p>\n<p>&#8211; Unidad: su objetivo es buscar medios para que se promueva la armon\u00eda y amistad entre los integrantes del curso.<\/p>\n<p>&#8211; Relaciones: su objetivo es lograr comunicaci\u00f3n educativa entre Profesores, Estudiantes y Padres o Apoderados del curso.<\/p>\n","protected":false},"excerpt":{"rendered":"<p>Este es un programa que busca desarrollar en todos los estudiantes las habilidades para organizarse y poder generar proyectos de inter\u00e9s. Es relevante poner de manifiesto que con esta modalidad se ense\u00f1a a vivir la [&hellip;]<\/p>\n","protected":false},"author":2,"featured_media":0,"parent":0,"menu_order":0,"comment_status":"closed","ping_status":"closed","template":"","meta":{"ngg_post_thumbnail":0},"jetpack_sharing_enabled":true,"jetpack_shortlink":"https:\/\/wp.me\/P73X2C-R7","_links":{"self":[{"href":"https:\/\/www.colegionahuelcura.cl\/index.php?rest_route=\/wp\/v2\/pages\/3293"}],"collection":[{"href":"https:\/\/www.colegionahuelcura.cl\/index.php?rest_route=\/wp\/v2\/pages"}],"about":[{"href":"https:\/\/www.colegionahuelcura.cl\/index.php?rest_route=\/wp\/v2\/types\/page"}],"author":[{"embeddable":true,"href":"https:\/\/www.colegionahuelcura.cl\/index.php?rest_route=\/wp\/v2\/users\/2"}],"replies":[{"embeddable":true,"href":"https:\/\/www.colegionahuelcura.cl\/index.php?rest_route=%2Fwp%2Fv2%2Fcomments&post=3293"}],"version-history":[{"count":3,"href":"https:\/\/www.colegionahuelcura.cl\/index.php?rest_route=\/wp\/v2\/pages\/3293\/revisions"}],"predecessor-version":[{"id":3297,"href":"https:\/\/www.colegionahuelcura.cl\/index.php?rest_route=\/wp\/v2\/pages\/3293\/revisions\/3297"}],"wp:attachment":[{"href":"https:\/\/www.colegionahuelcura.cl\/index.php?rest_route=%2Fwp%2Fv2%2Fmedia&parent=3293"}],"curies":[{"name":"wp","href":"https:\/\/api.w.org\/{rel}","templated":true}]}}