{"id":5115,"date":"2020-11-06T10:17:08","date_gmt":"2020-11-06T14:17:08","guid":{"rendered":"https:\/\/www.colegionahuelcura.cl\/?page_id=5115"},"modified":"2025-12-09T13:14:53","modified_gmt":"2025-12-09T17:14:53","slug":"carpeta-de-matricula","status":"publish","type":"page","link":"https:\/\/www.colegionahuelcura.cl\/?page_id=5115","title":{"rendered":"Carpeta de Matricula"},"content":{"rendered":"<h1><strong>La Documentaci\u00f3n debe estar impresa en hoja Oficio<\/strong><\/h1>\n<p>&nbsp;<\/p>\n<p><a href=\"https:\/\/www.colegionahuelcura.cl\/wp-content\/uploads\/2025\/12\/CARTA-ACEPTACION-CLASES-DE-FORMACION-EN-AFECTIVIDAD-SEXUALIDAD-Y-GENERO.pdf\" target=\"_blank\" rel=\"noopener\">CARTA ACEPTACI\u00d3N CLASES DE FORMACI\u00d3N EN AFECTIVIDAD, SEXUALIDAD Y GENERO<\/a><\/p>\n<p><a href=\"https:\/\/www.colegionahuelcura.cl\/wp-content\/uploads\/2025\/12\/CARTA-COMPROMISO-CON-PROYECTO-EDUCATIVO-COLEGIO-NAHUELCURA-DE-MACHALI.pdf\" target=\"_blank\" rel=\"noopener\">CARTA COMPROMISO CON PROYECTO EDUCATIVO COLEGIO NAHUELCURA DE MACHAL\u00cd<\/a><\/p>\n<p><a href=\"https:\/\/www.colegionahuelcura.cl\/wp-content\/uploads\/2025\/12\/HOJA-RECEPCION.pdf\" target=\"_blank\" rel=\"noopener\">HOJA RECEPCI\u00d3N<\/a><\/p>\n<p><a href=\"https:\/\/www.colegionahuelcura.cl\/wp-content\/uploads\/2025\/12\/FICHA-ADMISION.pdf\" target=\"_blank\" rel=\"noopener\">FICHA-ADMISI\u00d3N<\/a><\/p>\n<p><a href=\"https:\/\/www.colegionahuelcura.cl\/wp-content\/uploads\/2025\/12\/CONTRATO-DE-PRESTACION-DE-SERVICIOS-2025-04-de-diciembre-2025-COREDUC-1.pdf\" target=\"_blank\" rel=\"noopener\">MANDATO<\/a><\/p>\n<p><a href=\"https:\/\/www.colegionahuelcura.cl\/wp-content\/uploads\/2025\/12\/RECEPCION-DE-CIRCULAR-DE-PAGOS.pdf\" target=\"_blank\" rel=\"noopener\">RECEPCI\u00d3N DE CIRCULAR DE PAGOS<\/a><\/p>\n<p><a href=\"https:\/\/www.colegionahuelcura.cl\/wp-content\/uploads\/2025\/12\/RELIGION.pdf\" target=\"_blank\" rel=\"noopener\">RELIGION<\/a><\/p>\n<p><a href=\"https:\/\/www.colegionahuelcura.cl\/wp-content\/uploads\/2025\/12\/AUTORIZACION-FOTOGRAFIAS-Y-VIDEO.pdf\" target=\"_blank\" rel=\"noopener\">AUTORIZACI\u00d3N FOTOGRAF\u00cdAS Y VIDEO<\/a><\/p>\n\n\n<p><\/p>\n","protected":false},"excerpt":{"rendered":"<p>La Documentaci\u00f3n debe estar impresa en hoja Oficio &nbsp; CARTA ACEPTACI\u00d3N CLASES DE FORMACI\u00d3N EN AFECTIVIDAD, SEXUALIDAD Y GENERO CARTA COMPROMISO CON PROYECTO EDUCATIVO COLEGIO NAHUELCURA DE MACHAL\u00cd HOJA RECEPCI\u00d3N FICHA-ADMISI\u00d3N MANDATO RECEPCI\u00d3N DE CIRCULAR [&hellip;]<\/p>\n","protected":false},"author":2,"featured_media":0,"parent":0,"menu_order":0,"comment_status":"closed","ping_status":"closed","template":"","meta":{"ngg_post_thumbnail":0},"jetpack_sharing_enabled":true,"jetpack_shortlink":"https:\/\/wp.me\/P73X2C-1kv","_links":{"self":[{"href":"https:\/\/www.colegionahuelcura.cl\/index.php?rest_route=\/wp\/v2\/pages\/5115"}],"collection":[{"href":"https:\/\/www.colegionahuelcura.cl\/index.php?rest_route=\/wp\/v2\/pages"}],"about":[{"href":"https:\/\/www.colegionahuelcura.cl\/index.php?rest_route=\/wp\/v2\/types\/page"}],"author":[{"embeddable":true,"href":"https:\/\/www.colegionahuelcura.cl\/index.php?rest_route=\/wp\/v2\/users\/2"}],"replies":[{"embeddable":true,"href":"https:\/\/www.colegionahuelcura.cl\/index.php?rest_route=%2Fwp%2Fv2%2Fcomments&post=5115"}],"version-history":[{"count":26,"href":"https:\/\/www.colegionahuelcura.cl\/index.php?rest_route=\/wp\/v2\/pages\/5115\/revisions"}],"predecessor-version":[{"id":8444,"href":"https:\/\/www.colegionahuelcura.cl\/index.php?rest_route=\/wp\/v2\/pages\/5115\/revisions\/8444"}],"wp:attachment":[{"href":"https:\/\/www.colegionahuelcura.cl\/index.php?rest_route=%2Fwp%2Fv2%2Fmedia&parent=5115"}],"curies":[{"name":"wp","href":"https:\/\/api.w.org\/{rel}","templated":true}]}}