{"id":78,"date":"2015-12-21T11:46:08","date_gmt":"2015-12-21T14:46:08","guid":{"rendered":"http:\/\/186.103.199.252\/?page_id=78"},"modified":"2016-08-05T12:07:25","modified_gmt":"2016-08-05T16:07:25","slug":"nuestro-colegio","status":"publish","type":"page","link":"https:\/\/www.colegionahuelcura.cl\/?page_id=78","title":{"rendered":"Nuestro Colegio"},"content":{"rendered":"<p style=\"text-align: justify;\">El Colegio Nahuelcura de Machal\u00ed es un colegio de orientaci\u00f3n cient\u00edfico humanista que cuenta con Educaci\u00f3n Parvularia hasta Educaci\u00f3n Media, para lo que se adscribe a las bases curriculares y planes y programas del Ministerio de Educaci\u00f3n. \u00c9stos se someten a una evaluaci\u00f3n permanente y de ser necesario, se modifican para constituir una propuesta curricular de vanguardia, complement\u00e1ndolos con programas de innovaci\u00f3n acordes con los intereses de los estudiantes.<\/p>\n<p style=\"text-align: justify;\">La comunidad educativa se vincula entre s\u00ed desde los valores institucionales: respeto, honestidad, libertad, responsabilidad, participaci\u00f3n, esp\u00edritu de servicio y lealtad. Desde esta experiencia en valores y desde la participaci\u00f3n en los programas de la L\u00ednea Formativo Val\u00f3rica institucional, formamos a nuestros j\u00f3venes como l\u00edderes y emprendedores, verdaderos aportes para la sociedad.<\/p>\n<p style=\"text-align: justify;\">Asimismo, la relaci\u00f3n con las familias de la Comunidad Nahuelcura est\u00e1 basada en los valores institucionales, en la informaci\u00f3n relevante y oportuna y en la participaci\u00f3n en actividades que fomenten la unidad y el desarrollo del Colegio y de cada uno de sus integrantes.<\/p>\n<p style=\"text-align: justify;\">Para nosotros, la disciplina, el esfuerzo, el trabajo y la autosuperaci\u00f3n, son actitudes que sostienen e impulsan la educaci\u00f3n y el desarrollo personal, pilares de la formaci\u00f3n integral que buscamos.<\/p>\n<p style=\"text-align: center;\"><img decoding=\"async\" loading=\"lazy\" class=\"aligncenter  wp-image-1486\" src=\"https:\/\/i0.wp.com\/www.nahuelcura.cl\/wp-content\/uploads\/2015\/12\/Cristia-Toledo_-Rector.jpg?resize=300%2C451\" alt=\"Rector\" width=\"300\" height=\"451\" srcset=\"https:\/\/i0.wp.com\/www.colegionahuelcura.cl\/wp-content\/uploads\/2015\/12\/Cristia-Toledo_-Rector.jpg?w=1000&amp;ssl=1 1000w, https:\/\/i0.wp.com\/www.colegionahuelcura.cl\/wp-content\/uploads\/2015\/12\/Cristia-Toledo_-Rector.jpg?resize=199%2C300&amp;ssl=1 199w, https:\/\/i0.wp.com\/www.colegionahuelcura.cl\/wp-content\/uploads\/2015\/12\/Cristia-Toledo_-Rector.jpg?resize=681%2C1024&amp;ssl=1 681w\" sizes=\"(max-width: 300px) 100vw, 300px\" data-recalc-dims=\"1\" \/><b>Cristian Toledo S\u00e1ez<\/b><br \/>\nRector<\/p>\n<p>&nbsp;<\/p>\n","protected":false},"excerpt":{"rendered":"<p>El Colegio Nahuelcura de Machal\u00ed es un colegio de orientaci\u00f3n cient\u00edfico humanista que cuenta con Educaci\u00f3n Parvularia hasta Educaci\u00f3n Media, para lo que se adscribe a las bases curriculares y planes y programas del Ministerio [&hellip;]<\/p>\n","protected":false},"author":2,"featured_media":0,"parent":0,"menu_order":1,"comment_status":"closed","ping_status":"closed","template":"","meta":{"ngg_post_thumbnail":0},"jetpack_sharing_enabled":true,"jetpack_shortlink":"https:\/\/wp.me\/P73X2C-1g","_links":{"self":[{"href":"https:\/\/www.colegionahuelcura.cl\/index.php?rest_route=\/wp\/v2\/pages\/78"}],"collection":[{"href":"https:\/\/www.colegionahuelcura.cl\/index.php?rest_route=\/wp\/v2\/pages"}],"about":[{"href":"https:\/\/www.colegionahuelcura.cl\/index.php?rest_route=\/wp\/v2\/types\/page"}],"author":[{"embeddable":true,"href":"https:\/\/www.colegionahuelcura.cl\/index.php?rest_route=\/wp\/v2\/users\/2"}],"replies":[{"embeddable":true,"href":"https:\/\/www.colegionahuelcura.cl\/index.php?rest_route=%2Fwp%2Fv2%2Fcomments&post=78"}],"version-history":[{"count":24,"href":"https:\/\/www.colegionahuelcura.cl\/index.php?rest_route=\/wp\/v2\/pages\/78\/revisions"}],"predecessor-version":[{"id":1489,"href":"https:\/\/www.colegionahuelcura.cl\/index.php?rest_route=\/wp\/v2\/pages\/78\/revisions\/1489"}],"wp:attachment":[{"href":"https:\/\/www.colegionahuelcura.cl\/index.php?rest_route=%2Fwp%2Fv2%2Fmedia&parent=78"}],"curies":[{"name":"wp","href":"https:\/\/api.w.org\/{rel}","templated":true}]}}