{"id":81,"date":"2015-12-21T12:00:20","date_gmt":"2015-12-21T15:00:20","guid":{"rendered":"http:\/\/186.103.199.252\/?page_id=81"},"modified":"2026-04-17T14:44:27","modified_gmt":"2026-04-17T18:44:27","slug":"directrices-institucionales","status":"publish","type":"page","link":"https:\/\/www.colegionahuelcura.cl\/?page_id=81","title":{"rendered":"Directrices Institucionales"},"content":{"rendered":"<div class=\"fl-izq w95p bg-veo borde-veo m-10\">\n<div class=\"fl-izq w90p fw-b bg-vec pad-5 padb-10\">\n<p>&nbsp;<\/p>\n<p><img decoding=\"async\" loading=\"lazy\" class=\"alignnone wp-image-263 size-full\" src=\"https:\/\/i0.wp.com\/www.colegionahuelcura.cl\/wp-content\/uploads\/2016\/01\/pdf.png?resize=16%2C16&#038;ssl=1\" width=\"16\" height=\"16\"  data-recalc-dims=\"1\">&nbsp;<a href=\"https:\/\/www.colegionahuelcura.cl\/wp-content\/uploads\/2016\/01\/Orientaciones-Pedag\u00f3gicas.pdf\" target=\"_blank\" rel=\"noopener\">Orientaciones Pedag\u00f3gicas<\/a><\/p>\n<p><img decoding=\"async\" draggable=\"false\" src=\"https:\/\/i0.wp.com\/www.colegionahuelcura.cl\/wp-content\/uploads\/2016\/01\/pdf.png?w=630&#038;ssl=1\" alt=\"\" data-recalc-dims=\"1\"> <a href=\"https:\/\/www.colegionahuelcura.cl\/wp-content\/uploads\/2017\/08\/Guia1.pdf\" target=\"_blank\" rel=\"noopener\">Gu\u00eda para los padres para ayudar a mejorar el rendimiento en los estudios de sus hijos <\/a><\/p>\n<p><img decoding=\"async\" draggable=\"false\" src=\"https:\/\/i0.wp.com\/www.colegionahuelcura.cl\/wp-content\/uploads\/2016\/01\/pdf.png?w=630&#038;ssl=1\" alt=\"\" data-recalc-dims=\"1\"> <a href=\"https:\/\/www.colegionahuelcura.cl\/wp-content\/uploads\/2017\/08\/Guia2.pdf\" target=\"_blank\" rel=\"noopener\">Por qu\u00e9 son necesarios y qu\u00e9 te aportan los m\u00e9todos de estudio<\/a><\/p>\n<p><img decoding=\"async\" loading=\"lazy\" class=\"alignnone wp-image-263 size-full\" src=\"https:\/\/i0.wp.com\/www.colegionahuelcura.cl\/wp-content\/uploads\/2016\/01\/pdf.png?resize=16%2C16&#038;ssl=1\" alt=\"pdf\" width=\"16\" height=\"16\"  data-recalc-dims=\"1\"> <a href=\"https:\/\/www.colegionahuelcura.cl\/wp-content\/uploads\/2025\/05\/RICE-Ed.-Parvularia-2025.pdf\" target=\"_blank\" rel=\"noopener\">Manual Convivencia EPA 2026<\/a><\/p>\n<p><a href=\"https:\/\/www.colegionahuelcura.cl\/wp-content\/uploads\/2026\/04\/Reglamento-de-Evaluacion-2026.docx.pdf\"><img decoding=\"async\" loading=\"lazy\" class=\"alignnone wp-image-263 size-full\" src=\"https:\/\/i0.wp.com\/www.colegionahuelcura.cl\/wp-content\/uploads\/2016\/01\/pdf.png?resize=16%2C16&#038;ssl=1\" alt=\"pdf\" width=\"16\" height=\"16\"  data-recalc-dims=\"1\"> <\/a><a href=\"https:\/\/www.colegionahuelcura.cl\/wp-content\/uploads\/2026\/04\/Reglamento-de-Evaluacion-2026.pdf\">Reglamento de Evaluaci\u00f3n 2026<\/a><\/p>\n<p><a href=\"https:\/\/www.colegionahuelcura.cl\/wp-content\/uploads\/2026\/04\/Reglamento-de-Evaluacion-2026.docx.pdf\"><img decoding=\"async\" loading=\"lazy\" class=\"alignnone wp-image-263 size-full\" src=\"https:\/\/i0.wp.com\/www.colegionahuelcura.cl\/wp-content\/uploads\/2016\/01\/pdf.png?resize=16%2C16&#038;ssl=1\" alt=\"pdf\" width=\"16\" height=\"16\"  data-recalc-dims=\"1\"><\/a> <a href=\"https:\/\/www.colegionahuelcura.cl\/wp-content\/uploads\/2026\/04\/CNM-RICE-COREDUC-2026.pdf\">CNM RICE COREDUC 2026<\/a><\/p>\n<\/div>\n<\/div>\n<p><!--more--><\/p>\n<div class=\"fl-izq w95p bg-veo borde-veo m-10\">&nbsp;<\/div>\n\n\n<p><\/p>\n","protected":false},"excerpt":{"rendered":"<p>&nbsp; &nbsp;Orientaciones Pedag\u00f3gicas Gu\u00eda para los padres para ayudar a mejorar el rendimiento en los estudios de sus hijos Por qu\u00e9 son necesarios y qu\u00e9 te aportan los m\u00e9todos de estudio Manual Convivencia EPA 2026 [&hellip;]<\/p>\n","protected":false},"author":2,"featured_media":0,"parent":0,"menu_order":3,"comment_status":"closed","ping_status":"closed","template":"","meta":{"ngg_post_thumbnail":0},"jetpack_sharing_enabled":true,"jetpack_shortlink":"https:\/\/wp.me\/P73X2C-1j","_links":{"self":[{"href":"https:\/\/www.colegionahuelcura.cl\/index.php?rest_route=\/wp\/v2\/pages\/81"}],"collection":[{"href":"https:\/\/www.colegionahuelcura.cl\/index.php?rest_route=\/wp\/v2\/pages"}],"about":[{"href":"https:\/\/www.colegionahuelcura.cl\/index.php?rest_route=\/wp\/v2\/types\/page"}],"author":[{"embeddable":true,"href":"https:\/\/www.colegionahuelcura.cl\/index.php?rest_route=\/wp\/v2\/users\/2"}],"replies":[{"embeddable":true,"href":"https:\/\/www.colegionahuelcura.cl\/index.php?rest_route=%2Fwp%2Fv2%2Fcomments&post=81"}],"version-history":[{"count":49,"href":"https:\/\/www.colegionahuelcura.cl\/index.php?rest_route=\/wp\/v2\/pages\/81\/revisions"}],"predecessor-version":[{"id":8644,"href":"https:\/\/www.colegionahuelcura.cl\/index.php?rest_route=\/wp\/v2\/pages\/81\/revisions\/8644"}],"wp:attachment":[{"href":"https:\/\/www.colegionahuelcura.cl\/index.php?rest_route=%2Fwp%2Fv2%2Fmedia&parent=81"}],"curies":[{"name":"wp","href":"https:\/\/api.w.org\/{rel}","templated":true}]}}